{"id":6771,"date":"2022-03-18T15:33:48","date_gmt":"2022-03-18T15:33:48","guid":{"rendered":"https:\/\/aictive.co\/?page_id=6771"},"modified":"2022-09-14T14:00:15","modified_gmt":"2022-09-14T14:00:15","slug":"home-el-impacto-del-movimiento","status":"publish","type":"page","link":"https:\/\/www.aictive.co\/en\/home-el-impacto-del-movimiento\/","title":{"rendered":"Aictive.co"},"content":{"rendered":"<div data-elementor-type=\"wp-page\" data-elementor-id=\"6771\" class=\"elementor elementor-6771\">\n\t\t\t\t\t\t<section class=\"elementor-section elementor-top-section elementor-element elementor-element-6171a55 elementor-section-full_width elementor-section-height-default elementor-section-height-default\" data-id=\"6171a55\" data-element_type=\"section\" data-e-type=\"section\">\n\t\t\t\t\t\t<div class=\"elementor-container elementor-column-gap-default\">\n\t\t\t\t\t<div class=\"elementor-column elementor-col-100 elementor-top-column elementor-element elementor-element-d7e6ce2\" data-id=\"d7e6ce2\" data-element_type=\"column\" data-e-type=\"column\">\n\t\t\t<div class=\"elementor-widget-wrap elementor-element-populated\">\n\t\t\t\t\t\t<div class=\"elementor-element elementor-element-4afeb9c elementor-hidden-tablet elementor-hidden-mobile elementor-hidden-desktop elementor-widget elementor-widget-slides\" data-id=\"4afeb9c\" data-element_type=\"widget\" data-e-type=\"widget\" data-widget_type=\"slides.default\">\n\t\t\t\t<div class=\"elementor-widget-container\">\n\t\t\t\t\t \t\t\t\t<\/div>\n\t\t\t\t<\/div>\n\t\t\t\t<div class=\"elementor-element elementor-element-7f3f8cf elementor-hidden-mobile elementor-widget elementor-widget-slides\" data-id=\"7f3f8cf\" data-element_type=\"widget\" data-e-type=\"widget\" data-widget_type=\"slides.default\">\n\t\t\t\t<div class=\"elementor-widget-container\">\n\t\t\t\t\t \t\t\t\t<\/div>\n\t\t\t\t<\/div>\n\t\t\t\t<div class=\"elementor-element elementor-element-fff0e69 elementor-widget-mobile__width-inherit elementor-hidden-desktop elementor-hidden-tablet elementor-widget elementor-widget-slides\" data-id=\"fff0e69\" data-element_type=\"widget\" data-e-type=\"widget\" data-widget_type=\"slides.default\">\n\t\t\t\t<div class=\"elementor-widget-container\">\n\t\t\t\t\t \t\t\t\t<\/div>\n\t\t\t\t<\/div>\n\t\t\t\t\t<\/div>\n\t\t<\/div>\n\t\t\t\t\t<\/div>\n\t\t<\/section>\n\t\t\t\t<section class=\"elementor-section elementor-top-section elementor-element elementor-element-4bc2320 elementor-section-boxed elementor-section-height-default elementor-section-height-default\" data-id=\"4bc2320\" data-element_type=\"section\" data-e-type=\"section\">\n\t\t\t\t\t\t<div class=\"elementor-container elementor-column-gap-default\">\n\t\t\t\t\t<div class=\"elementor-column elementor-col-25 elementor-top-column elementor-element elementor-element-53f4756\" data-id=\"53f4756\" data-element_type=\"column\" data-e-type=\"column\">\n\t\t\t<div class=\"elementor-widget-wrap\">\n\t\t\t\t\t\t\t<\/div>\n\t\t<\/div>\n\t\t\t\t<div class=\"elementor-column elementor-col-25 elementor-top-column elementor-element elementor-element-0b44b02\" data-id=\"0b44b02\" data-element_type=\"column\" data-e-type=\"column\">\n\t\t\t<div class=\"elementor-widget-wrap\">\n\t\t\t\t\t\t\t<\/div>\n\t\t<\/div>\n\t\t\t\t<div class=\"elementor-column elementor-col-25 elementor-top-column elementor-element elementor-element-99613d8\" data-id=\"99613d8\" data-element_type=\"column\" data-e-type=\"column\">\n\t\t\t<div class=\"elementor-widget-wrap\">\n\t\t\t\t\t\t\t<\/div>\n\t\t<\/div>\n\t\t\t\t<div class=\"elementor-column elementor-col-25 elementor-top-column elementor-element elementor-element-d351288\" data-id=\"d351288\" data-element_type=\"column\" data-e-type=\"column\">\n\t\t\t<div class=\"elementor-widget-wrap\">\n\t\t\t\t\t\t\t<\/div>\n\t\t<\/div>\n\t\t\t\t\t<\/div>\n\t\t<\/section>\n\t\t\t\t<section class=\"elementor-section elementor-top-section elementor-element elementor-element-9171d3e elementor-section-full_width elementor-section-height-default elementor-section-height-default\" data-id=\"9171d3e\" data-element_type=\"section\" data-e-type=\"section\">\n\t\t\t\t\t\t<div class=\"elementor-container elementor-column-gap-default\">\n\t\t\t\t\t<div class=\"elementor-column elementor-col-100 elementor-top-column elementor-element elementor-element-4ca70da\" data-id=\"4ca70da\" data-element_type=\"column\" data-e-type=\"column\">\n\t\t\t<div class=\"elementor-widget-wrap elementor-element-populated\">\n\t\t\t\t\t\t<div class=\"elementor-element elementor-element-55f2d02 elementor-widget elementor-widget-heading\" data-id=\"55f2d02\" data-element_type=\"widget\" data-e-type=\"widget\" data-widget_type=\"heading.default\">\n\t\t\t\t<div class=\"elementor-widget-container\">\n\t\t\t\t\t<h1 class=\"elementor-heading-title elementor-size-default\">Inteligencia Artificial en movimiento<\/h1>\t\t\t\t<\/div>\n\t\t\t\t<\/div>\n\t\t\t\t<div class=\"elementor-element elementor-element-eee3bfc elementor-widget elementor-widget-text-editor\" data-id=\"eee3bfc\" data-element_type=\"widget\" data-e-type=\"widget\" data-widget_type=\"text-editor.default\">\n\t\t\t\t<div class=\"elementor-widget-container\">\n\t\t\t\t\t\t\t\t\t<p>En Aictive innovamos y nos comprometemos a contribuir al progreso del movimiento,\u00a0ayudando en la salud y bienestar de las personas.<br \/>Prep\u00e1rate para una experiencia \u00fanica, prep\u00e1rate para <strong>Aictive<\/strong>.<\/p>\t\t\t\t\t\t\t\t<\/div>\n\t\t\t\t<\/div>\n\t\t\t\t<section class=\"elementor-section elementor-inner-section elementor-element elementor-element-39c73ae elementor-section-full_width elementor-section-height-default elementor-section-height-default\" data-id=\"39c73ae\" data-element_type=\"section\" data-e-type=\"section\">\n\t\t\t\t\t\t<div class=\"elementor-container elementor-column-gap-default\">\n\t\t\t\t\t<div class=\"elementor-column elementor-col-33 elementor-inner-column elementor-element elementor-element-7ac4bb0\" data-id=\"7ac4bb0\" data-element_type=\"column\" data-e-type=\"column\">\n\t\t\t<div class=\"elementor-widget-wrap\">\n\t\t\t\t\t\t\t<\/div>\n\t\t<\/div>\n\t\t\t\t<div class=\"elementor-column elementor-col-33 elementor-inner-column elementor-element elementor-element-6c931c6\" data-id=\"6c931c6\" data-element_type=\"column\" data-e-type=\"column\">\n\t\t\t<div class=\"elementor-widget-wrap\">\n\t\t\t\t\t\t\t<\/div>\n\t\t<\/div>\n\t\t\t\t<div class=\"elementor-column elementor-col-33 elementor-inner-column elementor-element elementor-element-0ddc01a\" data-id=\"0ddc01a\" data-element_type=\"column\" data-e-type=\"column\">\n\t\t\t<div class=\"elementor-widget-wrap\">\n\t\t\t\t\t\t\t<\/div>\n\t\t<\/div>\n\t\t\t\t\t<\/div>\n\t\t<\/section>\n\t\t\t\t\t<\/div>\n\t\t<\/div>\n\t\t\t\t\t<\/div>\n\t\t<\/section>\n\t\t\t\t<section class=\"elementor-section elementor-top-section elementor-element elementor-element-3af3ebd elementor-section-boxed elementor-section-height-default elementor-section-height-default\" data-id=\"3af3ebd\" data-element_type=\"section\" data-e-type=\"section\" data-settings=\"{&quot;background_background&quot;:&quot;classic&quot;}\">\n\t\t\t\t\t\t\t<div class=\"elementor-background-overlay\"><\/div>\n\t\t\t\t\t\t\t<div class=\"elementor-container elementor-column-gap-extended\">\n\t\t\t\t\t<div class=\"elementor-column elementor-col-50 elementor-top-column elementor-element elementor-element-cadea64\" data-id=\"cadea64\" data-element_type=\"column\" data-e-type=\"column\">\n\t\t\t<div class=\"elementor-widget-wrap elementor-element-populated\">\n\t\t\t\t\t\t<section class=\"elementor-section elementor-inner-section elementor-element elementor-element-d3d383c elementor-section-full_width elementor-section-height-default elementor-section-height-default\" data-id=\"d3d383c\" data-element_type=\"section\" data-e-type=\"section\">\n\t\t\t\t\t\t<div class=\"elementor-container elementor-column-gap-default\">\n\t\t\t\t\t<div class=\"elementor-column elementor-col-100 elementor-inner-column elementor-element elementor-element-7b994c3\" data-id=\"7b994c3\" data-element_type=\"column\" data-e-type=\"column\">\n\t\t\t<div class=\"elementor-widget-wrap elementor-element-populated\">\n\t\t\t\t\t\t<div class=\"elementor-element elementor-element-67737ff elementor-widget elementor-widget-text-editor\" data-id=\"67737ff\" data-element_type=\"widget\" data-e-type=\"widget\" data-widget_type=\"text-editor.default\">\n\t\t\t\t<div class=\"elementor-widget-container\">\n\t\t\t\t\t\t\t\t\t<p><span style=\"font-weight: 400;\">Aictive es una empresa que ha desarrollado un sistema de <strong>visi\u00f3n computacional<\/strong> e <strong>Inteligencia Artificial<\/strong> capaz de detectar y analizar el movimiento de una persona para determinar la correcta ejecuci\u00f3n de ejercicios.<\/span><\/p><p><strong>\u00bfQuieres saber m\u00e1s?<\/strong><\/p>\t\t\t\t\t\t\t\t<\/div>\n\t\t\t\t<\/div>\n\t\t\t\t\t<\/div>\n\t\t<\/div>\n\t\t\t\t\t<\/div>\n\t\t<\/section>\n\t\t\t\t\t<\/div>\n\t\t<\/div>\n\t\t\t\t<div class=\"elementor-column elementor-col-50 elementor-top-column elementor-element elementor-element-1d6a8ae\" data-id=\"1d6a8ae\" data-element_type=\"column\" data-e-type=\"column\">\n\t\t\t<div class=\"elementor-widget-wrap elementor-element-populated\">\n\t\t\t\t\t\t<div class=\"elementor-element elementor-element-f74e89a elementor-widget elementor-widget-image\" data-id=\"f74e89a\" data-element_type=\"widget\" data-e-type=\"widget\" data-widget_type=\"image.default\">\n\t\t\t\t<div class=\"elementor-widget-container\">\n\t\t\t\t\t\t\t\t\t\t\t\t\t\t\t<img fetchpriority=\"high\" decoding=\"async\" width=\"641\" height=\"493\" src=\"https:\/\/aictive.co\/wp-content\/uploads\/2020\/03\/image1-home5.png\" class=\"attachment-full size-full wp-image-2591\" alt=\"\" srcset=\"https:\/\/aictive.co\/wp-content\/uploads\/2020\/03\/image1-home5.png 641w, https:\/\/aictive.co\/wp-content\/uploads\/2020\/03\/image1-home5-150x115.png 150w, https:\/\/aictive.co\/wp-content\/uploads\/2020\/03\/image1-home5-300x231.png 300w\" sizes=\"(max-width: 641px) 100vw, 641px\" \/>\t\t\t\t\t\t\t\t\t\t\t\t\t\t\t<\/div>\n\t\t\t\t<\/div>\n\t\t\t\t\t<\/div>\n\t\t<\/div>\n\t\t\t\t\t<\/div>\n\t\t<\/section>\n\t\t\t\t<section class=\"elementor-section elementor-top-section elementor-element elementor-element-200719e elementor-section-full_width elementor-section-content-middle elementor-section-height-default elementor-section-height-default\" data-id=\"200719e\" data-element_type=\"section\" data-e-type=\"section\">\n\t\t\t\t\t\t<div class=\"elementor-container elementor-column-gap-no\">\n\t\t\t\t\t<div class=\"elementor-column elementor-col-33 elementor-top-column elementor-element elementor-element-4e50b53\" data-id=\"4e50b53\" data-element_type=\"column\" data-e-type=\"column\" data-settings=\"{&quot;background_background&quot;:&quot;classic&quot;}\">\n\t\t\t<div class=\"elementor-widget-wrap\">\n\t\t\t\t\t\t\t<\/div>\n\t\t<\/div>\n\t\t\t\t<div class=\"elementor-column elementor-col-33 elementor-top-column elementor-element elementor-element-43853aa elementor-hidden-tablet elementor-hidden-mobile\" data-id=\"43853aa\" data-element_type=\"column\" data-e-type=\"column\" data-settings=\"{&quot;background_background&quot;:&quot;classic&quot;}\">\n\t\t\t<div class=\"elementor-widget-wrap elementor-element-populated\">\n\t\t\t\t\t\t<div class=\"elementor-element elementor-element-da84918 elementor-hidden-phone elementor-widget elementor-widget-spacer\" data-id=\"da84918\" data-element_type=\"widget\" data-e-type=\"widget\" data-widget_type=\"spacer.default\">\n\t\t\t\t<div class=\"elementor-widget-container\">\n\t\t\t\t\t\t\t<div class=\"elementor-spacer\">\n\t\t\t<div class=\"elementor-spacer-inner\"><\/div>\n\t\t<\/div>\n\t\t\t\t\t\t<\/div>\n\t\t\t\t<\/div>\n\t\t\t\t\t<\/div>\n\t\t<\/div>\n\t\t\t\t<div class=\"elementor-column elementor-col-33 elementor-top-column elementor-element elementor-element-9b27b00 elementor-hidden-tablet\" data-id=\"9b27b00\" data-element_type=\"column\" data-e-type=\"column\">\n\t\t\t<div class=\"elementor-widget-wrap\">\n\t\t\t\t\t\t\t<\/div>\n\t\t<\/div>\n\t\t\t\t\t<\/div>\n\t\t<\/section>\n\t\t\t\t<\/div>","protected":false},"excerpt":{"rendered":"<p>Previous Next \u00bfYa est\u00e1s listo para correr tu pr\u00f3xima carrera?Para ayudarte a alcanzar tus metas lleg\u00f3 Move Check RunningM\u00e1s informaci\u00f3nBienvenidos [&hellip;]<\/p>","protected":false},"author":6,"featured_media":0,"parent":0,"menu_order":0,"comment_status":"closed","ping_status":"closed","template":"","meta":{"site-sidebar-layout":"default","site-content-layout":"","ast-site-content-layout":"","site-content-style":"default","site-sidebar-style":"default","ast-global-header-display":"","ast-banner-title-visibility":"","ast-main-header-display":"","ast-hfb-above-header-display":"","ast-hfb-below-header-display":"","ast-hfb-mobile-header-display":"","site-post-title":"","ast-breadcrumbs-content":"","ast-featured-img":"","footer-sml-layout":"","theme-transparent-header-meta":"","adv-header-id-meta":"","stick-header-meta":"","header-above-stick-meta":"","header-main-stick-meta":"","header-below-stick-meta":"","astra-migrate-meta-layouts":"default","ast-page-background-enabled":"default","ast-page-background-meta":{"desktop":{"background-color":"var(--ast-global-color-5)","background-image":"","background-repeat":"repeat","background-position":"center center","background-size":"auto","background-attachment":"scroll","background-type":"","background-media":"","overlay-type":"","overlay-color":"","overlay-opacity":"","overlay-gradient":""},"tablet":{"background-color":"","background-image":"","background-repeat":"repeat","background-position":"center center","background-size":"auto","background-attachment":"scroll","background-type":"","background-media":"","overlay-type":"","overlay-color":"","overlay-opacity":"","overlay-gradient":""},"mobile":{"background-color":"","background-image":"","background-repeat":"repeat","background-position":"center center","background-size":"auto","background-attachment":"scroll","background-type":"","background-media":"","overlay-type":"","overlay-color":"","overlay-opacity":"","overlay-gradient":""}},"ast-content-background-meta":{"desktop":{"background-color":"var(--ast-global-color-4)","background-image":"","background-repeat":"repeat","background-position":"center center","background-size":"auto","background-attachment":"scroll","background-type":"","background-media":"","overlay-type":"","overlay-color":"","overlay-opacity":"","overlay-gradient":""},"tablet":{"background-color":"var(--ast-global-color-4)","background-image":"","background-repeat":"repeat","background-position":"center center","background-size":"auto","background-attachment":"scroll","background-type":"","background-media":"","overlay-type":"","overlay-color":"","overlay-opacity":"","overlay-gradient":""},"mobile":{"background-color":"var(--ast-global-color-4)","background-image":"","background-repeat":"repeat","background-position":"center center","background-size":"auto","background-attachment":"scroll","background-type":"","background-media":"","overlay-type":"","overlay-color":"","overlay-opacity":"","overlay-gradient":""}},"footnotes":""},"class_list":["post-6771","page","type-page","status-publish","hentry"],"yoast_head":"<!-- This site is optimized with the Yoast SEO plugin v25.6 - https:\/\/yoast.com\/wordpress\/plugins\/seo\/ -->\n<title>- El impacto del movimiento humano - Home<\/title>\n<meta name=\"description\" content=\"Plataforma de visi\u00f3n computacional e Inteligencia Artificial capaz de detectar y analizar el impacto del movimiento humano a tiempo real\" \/>\n<meta name=\"robots\" content=\"index, follow, max-snippet:-1, max-image-preview:large, max-video-preview:-1\" \/>\n<link rel=\"canonical\" href=\"https:\/\/blog.aictive.co\/en\/home-el-impacto-del-movimiento\/\" \/>\n<meta property=\"og:locale\" content=\"en_US\" \/>\n<meta property=\"og:type\" content=\"article\" \/>\n<meta property=\"og:title\" content=\"- El impacto del movimiento humano - Home\" \/>\n<meta property=\"og:description\" content=\"Plataforma de visi\u00f3n computacional e Inteligencia Artificial capaz de detectar y analizar el impacto del movimiento humano a tiempo real\" \/>\n<meta property=\"og:url\" content=\"https:\/\/blog.aictive.co\/en\/home-el-impacto-del-movimiento\/\" \/>\n<meta property=\"article:modified_time\" content=\"2022-09-14T14:00:15+00:00\" \/>\n<meta property=\"og:image\" content=\"https:\/\/aictive.co\/wp-content\/uploads\/2022\/04\/Logo_Work-Break-min-1.png\" \/>\n<meta name=\"twitter:card\" content=\"summary_large_image\" \/>\n<meta name=\"twitter:label1\" content=\"Est. reading time\" \/>\n\t<meta name=\"twitter:data1\" content=\"4 minutes\" \/>\n<script type=\"application\/ld+json\" class=\"yoast-schema-graph\">{\"@context\":\"https:\/\/schema.org\",\"@graph\":[{\"@type\":\"WebPage\",\"@id\":\"https:\/\/blog.aictive.co\/en\/home-el-impacto-del-movimiento\/\",\"url\":\"https:\/\/blog.aictive.co\/en\/home-el-impacto-del-movimiento\/\",\"name\":\"- El impacto del movimiento humano - Home\",\"isPartOf\":{\"@id\":\"https:\/\/35.171.156.2\/#website\"},\"primaryImageOfPage\":{\"@id\":\"https:\/\/blog.aictive.co\/en\/home-el-impacto-del-movimiento\/#primaryimage\"},\"image\":{\"@id\":\"https:\/\/blog.aictive.co\/en\/home-el-impacto-del-movimiento\/#primaryimage\"},\"thumbnailUrl\":\"https:\/\/aictive.co\/wp-content\/uploads\/2022\/04\/Logo_Work-Break-min-1.png\",\"datePublished\":\"2022-03-18T15:33:48+00:00\",\"dateModified\":\"2022-09-14T14:00:15+00:00\",\"description\":\"Plataforma de visi\u00f3n computacional e Inteligencia Artificial capaz de detectar y analizar el impacto del movimiento humano a tiempo real\",\"breadcrumb\":{\"@id\":\"https:\/\/blog.aictive.co\/en\/home-el-impacto-del-movimiento\/#breadcrumb\"},\"inLanguage\":\"en-US\",\"potentialAction\":[{\"@type\":\"ReadAction\",\"target\":[\"https:\/\/blog.aictive.co\/en\/home-el-impacto-del-movimiento\/\"]}]},{\"@type\":\"ImageObject\",\"inLanguage\":\"en-US\",\"@id\":\"https:\/\/blog.aictive.co\/en\/home-el-impacto-del-movimiento\/#primaryimage\",\"url\":\"https:\/\/aictive.co\/wp-content\/uploads\/2022\/04\/Logo_Work-Break-min-1.png\",\"contentUrl\":\"https:\/\/aictive.co\/wp-content\/uploads\/2022\/04\/Logo_Work-Break-min-1.png\"},{\"@type\":\"BreadcrumbList\",\"@id\":\"https:\/\/blog.aictive.co\/en\/home-el-impacto-del-movimiento\/#breadcrumb\",\"itemListElement\":[{\"@type\":\"ListItem\",\"position\":1,\"name\":\"Home\",\"item\":\"https:\/\/conoce.aictive.co\/\"},{\"@type\":\"ListItem\",\"position\":2,\"name\":\"Aictive.co\"}]},{\"@type\":\"WebSite\",\"@id\":\"https:\/\/35.171.156.2\/#website\",\"url\":\"https:\/\/35.171.156.2\/\",\"name\":\"Aictive\",\"description\":\"Transforming MSK care with AI\u200b\",\"publisher\":{\"@id\":\"https:\/\/35.171.156.2\/#organization\"},\"potentialAction\":[{\"@type\":\"SearchAction\",\"target\":{\"@type\":\"EntryPoint\",\"urlTemplate\":\"https:\/\/35.171.156.2\/?s={search_term_string}\"},\"query-input\":{\"@type\":\"PropertyValueSpecification\",\"valueRequired\":true,\"valueName\":\"search_term_string\"}}],\"inLanguage\":\"en-US\"},{\"@type\":\"Organization\",\"@id\":\"https:\/\/35.171.156.2\/#organization\",\"name\":\"Aictive\",\"url\":\"https:\/\/35.171.156.2\/\",\"logo\":{\"@type\":\"ImageObject\",\"inLanguage\":\"en-US\",\"@id\":\"https:\/\/35.171.156.2\/#\/schema\/logo\/image\/\",\"url\":\"https:\/\/www.aictive.co\/wp-content\/uploads\/2025\/02\/cropped-cropped-Logo-AICTIVE_Color-Vertical.png\",\"contentUrl\":\"https:\/\/www.aictive.co\/wp-content\/uploads\/2025\/02\/cropped-cropped-Logo-AICTIVE_Color-Vertical.png\",\"width\":512,\"height\":512,\"caption\":\"Aictive\"},\"image\":{\"@id\":\"https:\/\/35.171.156.2\/#\/schema\/logo\/image\/\"}}]}<\/script>\n<!-- \/ Yoast SEO plugin. -->","yoast_head_json":{"title":"- El impacto del movimiento humano - Home","description":"Plataforma de visi\u00f3n computacional e Inteligencia Artificial capaz de detectar y analizar el impacto del movimiento humano a tiempo real","robots":{"index":"index","follow":"follow","max-snippet":"max-snippet:-1","max-image-preview":"max-image-preview:large","max-video-preview":"max-video-preview:-1"},"canonical":"https:\/\/blog.aictive.co\/en\/home-el-impacto-del-movimiento\/","og_locale":"en_US","og_type":"article","og_title":"- El impacto del movimiento humano - Home","og_description":"Plataforma de visi\u00f3n computacional e Inteligencia Artificial capaz de detectar y analizar el impacto del movimiento humano a tiempo real","og_url":"https:\/\/blog.aictive.co\/en\/home-el-impacto-del-movimiento\/","article_modified_time":"2022-09-14T14:00:15+00:00","og_image":[{"url":"https:\/\/aictive.co\/wp-content\/uploads\/2022\/04\/Logo_Work-Break-min-1.png","type":"","width":"","height":""}],"twitter_card":"summary_large_image","twitter_misc":{"Est. reading time":"4 minutes"},"schema":{"@context":"https:\/\/schema.org","@graph":[{"@type":"WebPage","@id":"https:\/\/blog.aictive.co\/en\/home-el-impacto-del-movimiento\/","url":"https:\/\/blog.aictive.co\/en\/home-el-impacto-del-movimiento\/","name":"- El impacto del movimiento humano - Home","isPartOf":{"@id":"https:\/\/35.171.156.2\/#website"},"primaryImageOfPage":{"@id":"https:\/\/blog.aictive.co\/en\/home-el-impacto-del-movimiento\/#primaryimage"},"image":{"@id":"https:\/\/blog.aictive.co\/en\/home-el-impacto-del-movimiento\/#primaryimage"},"thumbnailUrl":"https:\/\/aictive.co\/wp-content\/uploads\/2022\/04\/Logo_Work-Break-min-1.png","datePublished":"2022-03-18T15:33:48+00:00","dateModified":"2022-09-14T14:00:15+00:00","description":"Plataforma de visi\u00f3n computacional e Inteligencia Artificial capaz de detectar y analizar el impacto del movimiento humano a tiempo real","breadcrumb":{"@id":"https:\/\/blog.aictive.co\/en\/home-el-impacto-del-movimiento\/#breadcrumb"},"inLanguage":"en-US","potentialAction":[{"@type":"ReadAction","target":["https:\/\/blog.aictive.co\/en\/home-el-impacto-del-movimiento\/"]}]},{"@type":"ImageObject","inLanguage":"en-US","@id":"https:\/\/blog.aictive.co\/en\/home-el-impacto-del-movimiento\/#primaryimage","url":"https:\/\/aictive.co\/wp-content\/uploads\/2022\/04\/Logo_Work-Break-min-1.png","contentUrl":"https:\/\/aictive.co\/wp-content\/uploads\/2022\/04\/Logo_Work-Break-min-1.png"},{"@type":"BreadcrumbList","@id":"https:\/\/blog.aictive.co\/en\/home-el-impacto-del-movimiento\/#breadcrumb","itemListElement":[{"@type":"ListItem","position":1,"name":"Home","item":"https:\/\/conoce.aictive.co\/"},{"@type":"ListItem","position":2,"name":"Aictive.co"}]},{"@type":"WebSite","@id":"https:\/\/35.171.156.2\/#website","url":"https:\/\/35.171.156.2\/","name":"Aictive","description":"Transforming MSK care with AI\u200b","publisher":{"@id":"https:\/\/35.171.156.2\/#organization"},"potentialAction":[{"@type":"SearchAction","target":{"@type":"EntryPoint","urlTemplate":"https:\/\/35.171.156.2\/?s={search_term_string}"},"query-input":{"@type":"PropertyValueSpecification","valueRequired":true,"valueName":"search_term_string"}}],"inLanguage":"en-US"},{"@type":"Organization","@id":"https:\/\/35.171.156.2\/#organization","name":"Aictive","url":"https:\/\/35.171.156.2\/","logo":{"@type":"ImageObject","inLanguage":"en-US","@id":"https:\/\/35.171.156.2\/#\/schema\/logo\/image\/","url":"https:\/\/www.aictive.co\/wp-content\/uploads\/2025\/02\/cropped-cropped-Logo-AICTIVE_Color-Vertical.png","contentUrl":"https:\/\/www.aictive.co\/wp-content\/uploads\/2025\/02\/cropped-cropped-Logo-AICTIVE_Color-Vertical.png","width":512,"height":512,"caption":"Aictive"},"image":{"@id":"https:\/\/35.171.156.2\/#\/schema\/logo\/image\/"}}]}},"_links":{"self":[{"href":"https:\/\/www.aictive.co\/en\/wp-json\/wp\/v2\/pages\/6771"}],"collection":[{"href":"https:\/\/www.aictive.co\/en\/wp-json\/wp\/v2\/pages"}],"about":[{"href":"https:\/\/www.aictive.co\/en\/wp-json\/wp\/v2\/types\/page"}],"author":[{"embeddable":true,"href":"https:\/\/www.aictive.co\/en\/wp-json\/wp\/v2\/users\/6"}],"replies":[{"embeddable":true,"href":"https:\/\/www.aictive.co\/en\/wp-json\/wp\/v2\/comments?post=6771"}],"version-history":[{"count":222,"href":"https:\/\/www.aictive.co\/en\/wp-json\/wp\/v2\/pages\/6771\/revisions"}],"predecessor-version":[{"id":8396,"href":"https:\/\/www.aictive.co\/en\/wp-json\/wp\/v2\/pages\/6771\/revisions\/8396"}],"wp:attachment":[{"href":"https:\/\/www.aictive.co\/en\/wp-json\/wp\/v2\/media?parent=6771"}],"curies":[{"name":"wp","href":"https:\/\/api.w.org\/{rel}","templated":true}]}}